{"id":256,"date":"2024-02-28T15:25:27","date_gmt":"2024-02-28T14:25:27","guid":{"rendered":"https:\/\/activet.happydevelopment.nl\/?page_id=256"},"modified":"2024-07-24T14:34:20","modified_gmt":"2024-07-24T12:34:20","slug":"uber-uns","status":"publish","type":"page","link":"https:\/\/www.activet.net\/de\/uber-uns\/","title":{"rendered":"\u00dcber uns"},"content":{"rendered":"<div class=\"wpb-content-wrapper\"><p>[vc_section full_width=&#8220;stretch_row&#8220; content_placement=&#8220;middle&#8220; css=&#8220;.vc_custom_1711459291003{background-color: #f1f1f1 !important;background-position: center !important;background-repeat: no-repeat !important;background-size: cover !important;}&#8220;][vc_row gap=&#8220;35&#8243; content_placement=&#8220;middle&#8220;][vc_column width=&#8220;1\/6&#8243; el_id=&#8220;centertext&#8220;][\/vc_column][vc_column width=&#8220;2\/3&#8243; el_class=&#8220;centertext&#8220;][vc_column_text css=&#8220;&#8220;]<\/p>\n<h1 style=\"text-align: center;\">\u00dcBER UNS<\/h1>\n<p>[\/vc_column_text][vc_column_text css=&#8220;&#8220;]<\/p>\n<p style=\"text-align: center;\">Willkommen bei ActiVet, DER Wahl professioneller Tierpflege weltweit. Unsere B\u00fcrsten sind nicht einfach nur B\u00fcrsten; sie sind das Ergebnis jahrelanger Erfahrung und Hingabe an das Handwerk.<\/p>\n<p>[\/vc_column_text][\/vc_column][vc_column width=&#8220;1\/6&#8243;][\/vc_column][\/vc_row][\/vc_section][vc_section full_width=&#8220;stretch_row&#8220; el_class=&#8220;centertext&#8220; css=&#8220;.vc_custom_1711461751377{padding-top: 35px !important;padding-bottom: 15px !important;}&#8220;][vc_row css=&#8220;.vc_custom_1711461799140{padding-bottom: 80px !important;}&#8220;][vc_column width=&#8220;1\/6&#8243;][\/vc_column][vc_column width=&#8220;2\/3&#8243;][vc_column_text css=&#8220;&#8220;]<span style=\"font-weight: 400;\">Wir <\/span>verf\u00fcgen \u00fcber fundiertes Fachwissen, wenn es um das Fell, die Haut uns das Wohlergehen Ihres Haustieres geht.<\/p>\n<p>Mit unseren hochwertigen Materialien und den durchdachten Designs, m\u00f6chten wir Ihren Alltag sowohl als Haustierbesitzer, als auch als professioneller Groomer vereinfachen und verbessern. Bei ActiVet sind wir der \u00dcberzeugung, dass jedes Haustier eine einzigartige Fellpflege verdient. Deswegen bieten wir eine Vielzahl von B\u00fcrsten an, die den h\u00f6chsten Qualit\u00e4ts- und Leistungsstandards entsprechen. Entdecken Sie selbst, warum ActiVet die erste Wahl so vieler Tierfreunde weltweit ist.[\/vc_column_text][vc_single_image image=&#8220;291&#8243; img_size=&#8220;full&#8220; alignment=&#8220;center&#8220; style=&#8220;vc_box_rounded&#8220;][vc_column_text css=&#8220;&#8220;]<\/p>\n<h3>Unsere Geschichte<\/h3>\n<p><span style=\"font-weight: 400;\">Im <\/span>Jahr 1998 haben wir den Namen ActiVet gew\u00e4hlt, eine Kombination aus \u201eactiv\u201c und \u201eveterinary\u201c, mit der Idee, unsere revolution\u00e4ren B\u00fcrsten \u00fcber Tier\u00e4rzte einzuf\u00fchren. Doch schnell stellte sich heraus, dass die haupts\u00e4chlichen Benutzer, die professionellen Groomer waren, die unsere B\u00fcrsten begeistert aufnahmen und diese auch an ihre Kunden weitergaben. So kam es, dass die ActiVet B\u00fcrsten nicht nur in Hundesalons, sondern auch in fast allen Tierhaushalten nicht mehr wegzudenken war. Kenner sch\u00e4tzen unser anspruchsvolles Design, mit den gebogenen und perfekt abgerundeten Dr\u00e4hten. In Kombination mit den ergonomischen Griffen aus hochwertigen Materialien, bieten wir mit den ActiVet B\u00fcrsten eine sehr effektive Fellpflege, ohne gro\u00dfen Aufwand und Unannehmlichkeiten f\u00fcr Mensch und Tier.<\/p>\n<h3><\/h3>\n<h3>F\u00fcr die Profis<\/h3>\n<p>F\u00fcr den erfahrenen Groomer, der die Kunst seines Handwerks beherrscht, ist Effizienz -also einfach und schnell arbeiten zu k\u00f6nnen- von unsch\u00e4tzbarem Wert. Bei ActiVet verstehen wir, dass Zeit kostbar ist, daher haben wir die perfekte L\u00f6sung f\u00fcr die anspruchsvollen und zeitaufwendigen Arbeiten im Salon geschaffen. Unsere beidseitig gebogenen Drahtb\u00fcrsten, sind speziell darauf ausgelegt, auch bei sehr schwieriger Fellpflege effektiv zu helfen, die enorm viel Zeit in Anspruch nehmen. Mit unserer fortschrittlichen Tierb\u00fcrste sparen Sie 50% Ihrer kostbaren Zeit. Au\u00dferdem entlastet das ActiVet-Konzept die Armmuskulatur, da \u00fcberm\u00e4\u00dfige und unn\u00f6tige Armbewegungen deutlich verringert werden.<\/p>\n<p><strong>Als f\u00fchrende Marke in der Tierbranche, sind wir stolz auf unsere innovativen Produkte und sehr motiviert unseren Kunden den bestm\u00f6glichen Service zu bieten. <\/strong>[\/vc_column_text][vc_btn title=&#8220;Kontaktieren Sie uns&#8220; css=&#8220;&#8220; link=&#8220;url:https%3A%2F%2Fwww.activet.net%2Fde%2Fkontakt%2F|title:Contact&#8220;][\/vc_column][vc_column width=&#8220;1\/6&#8243;][\/vc_column][\/vc_row][\/vc_section]<\/p>\n<\/div>","protected":false},"excerpt":{"rendered":"<p>[vc_section full_width=&#8220;stretch_row&#8220; content_placement=&#8220;middle&#8220; css=&#8220;.vc_custom_1711459291003{background-color: #f1f1f1 !important;background-position: center !important;background-repeat: no-repeat !important;background-size: cover !important;}&#8220;][vc_row gap=&#8220;35&#8243; content_placement=&#8220;middle&#8220;][vc_column width=&#8220;1\/6&#8243; el_id=&#8220;centertext&#8220;][\/vc_column][vc_column width=&#8220;2\/3&#8243; el_class=&#8220;centertext&#8220;][vc_column_text css=&#8220;&#8220;] \u00dcBER UNS [\/vc_column_text][vc_column_text css=&#8220;&#8220;] Willkommen bei ActiVet, DER Wahl professioneller Tierpflege weltweit. Unsere B\u00fcrsten sind nicht einfach nur B\u00fcrsten; sie sind das Ergebnis jahrelanger Erfahrung und Hingabe an das Handwerk. [\/vc_column_text][\/vc_column][vc_column width=&#8220;1\/6&#8243;][\/vc_column][\/vc_row][\/vc_section][vc_section full_width=&#8220;stretch_row&#8220; el_class=&#8220;centertext&#8220; css=&#8220;.vc_custom_1711461751377{padding-top: 35px [&hellip;]<\/p>\n","protected":false},"author":2,"featured_media":0,"parent":0,"menu_order":0,"comment_status":"closed","ping_status":"closed","template":"","meta":{"inline_featured_image":false,"footnotes":""},"class_list":["post-256","page","type-page","status-publish","hentry"],"_links":{"self":[{"href":"https:\/\/www.activet.net\/de\/wp-json\/wp\/v2\/pages\/256","targetHints":{"allow":["GET"]}}],"collection":[{"href":"https:\/\/www.activet.net\/de\/wp-json\/wp\/v2\/pages"}],"about":[{"href":"https:\/\/www.activet.net\/de\/wp-json\/wp\/v2\/types\/page"}],"author":[{"embeddable":true,"href":"https:\/\/www.activet.net\/de\/wp-json\/wp\/v2\/users\/2"}],"replies":[{"embeddable":true,"href":"https:\/\/www.activet.net\/de\/wp-json\/wp\/v2\/comments?post=256"}],"version-history":[{"count":25,"href":"https:\/\/www.activet.net\/de\/wp-json\/wp\/v2\/pages\/256\/revisions"}],"predecessor-version":[{"id":838,"href":"https:\/\/www.activet.net\/de\/wp-json\/wp\/v2\/pages\/256\/revisions\/838"}],"wp:attachment":[{"href":"https:\/\/www.activet.net\/de\/wp-json\/wp\/v2\/media?parent=256"}],"curies":[{"name":"wp","href":"https:\/\/api.w.org\/{rel}","templated":true}]}}