{"id":337,"date":"2024-01-25T09:42:54","date_gmt":"2024-01-25T08:42:54","guid":{"rendered":"https:\/\/activet.happydevelopment.nl\/b2b-login\/"},"modified":"2024-05-07T11:19:27","modified_gmt":"2024-05-07T09:19:27","slug":"b2b-login","status":"publish","type":"page","link":"https:\/\/www.activet.net\/de\/b2b-login\/","title":{"rendered":"B2B login"},"content":{"rendered":"<div class=\"wpb-content-wrapper\"><p>[vc_section full_width=&#8220;stretch_row&#8220; content_placement=&#8220;middle&#8220; css=&#8220;.vc_custom_1706191733617{padding-top: 20px !important;padding-bottom: 10px !important;background-color: #f1f1f1 !important;}&#8220; el_class=&#8220;centertext&#8220;][vc_row gap=&#8220;35&#8243;][vc_column width=&#8220;1\/6&#8243; offset=&#8220;vc_col-lg-3&#8243;][\/vc_column][vc_column width=&#8220;2\/3&#8243; offset=&#8220;vc_col-lg-6&#8243;][vc_column_text css=&#8220;&#8220;]<\/p>\n<h1 style=\"text-align: center;\">ActiVet in Ihrem Gesch\u00e4ft?<\/h1>\n<p style=\"text-align: center;\">Bei uns zu bestellen war noch nie so einfach! Bestellen Sie jederzeit und \u00fcberall unsere Produkte.<\/p>\n<p style=\"text-align: center;\">F\u00fcllen Sie das untenstehende Formular aus. Wir werden uns bald bei Ihnen melden.<\/p>\n<p>[\/vc_column_text][\/vc_column][vc_column width=&#8220;1\/6&#8243; offset=&#8220;vc_col-lg-3&#8243;][\/vc_column][\/vc_row][\/vc_section][vc_section full_width=&#8220;stretch_row&#8220; el_class=&#8220;contform coloroverlay&#8220; css=&#8220;.vc_custom_1706191800130{padding-bottom: 50px !important;}&#8220;][vc_row el_class=&#8220;explodingcolorsrow&#8220;][vc_column][vc_single_image image=&#8220;83&#8243; img_size=&#8220;full&#8220; alignment=&#8220;right&#8220; el_class=&#8220;explodingcolors&#8220;][\/vc_column][\/vc_row][vc_row gap=&#8220;35&#8243;][vc_column width=&#8220;1\/6&#8243; offset=&#8220;vc_col-lg-3&#8243;][\/vc_column][vc_column width=&#8220;2\/3&#8243; offset=&#8220;vc_col-lg-6&#8243;]\n<div class=\"wpcf7 no-js\" id=\"wpcf7-f677-o1\" lang=\"en-US\" dir=\"ltr\" data-wpcf7-id=\"677\">\n<div class=\"screen-reader-response\"><p role=\"status\" aria-live=\"polite\" aria-atomic=\"true\"><\/p> <ul><\/ul><\/div>\n<form action=\"\/de\/wp-json\/wp\/v2\/pages\/337#wpcf7-f677-o1\" method=\"post\" class=\"wpcf7-form init\" aria-label=\"Contact form\" novalidate=\"novalidate\" data-status=\"init\">\n<fieldset class=\"hidden-fields-container\"><input type=\"hidden\" name=\"_wpcf7\" value=\"677\" \/><input type=\"hidden\" name=\"_wpcf7_version\" value=\"6.1.5\" \/><input type=\"hidden\" name=\"_wpcf7_locale\" value=\"en_US\" \/><input type=\"hidden\" name=\"_wpcf7_unit_tag\" value=\"wpcf7-f677-o1\" \/><input type=\"hidden\" name=\"_wpcf7_container_post\" value=\"0\" \/><input type=\"hidden\" name=\"_wpcf7_posted_data_hash\" value=\"\" \/><input type=\"hidden\" name=\"_wpcf7_recaptcha_response\" value=\"\" \/>\n<\/fieldset>\n<div class=\"contactformulier\">\n\t<h4>Kontaktdaten\n\t<\/h4>\n\t<div class=\"contacthelft\">\n\t\t<p><label> Vorname <span class=\"goldstar\">*<\/span><br \/>\n<span class=\"wpcf7-form-control-wrap\" data-name=\"first-name\"><input size=\"40\" maxlength=\"400\" class=\"wpcf7-form-control wpcf7-text wpcf7-validates-as-required\" aria-required=\"true\" aria-invalid=\"false\" value=\"\" type=\"text\" name=\"first-name\" \/><\/span> <\/label>\n\t\t<\/p>\n\t<\/div>\n\t<div class=\"contacthelft\">\n\t\t<p><label> Nachname <span class=\"goldstar\">*<\/span><br \/>\n<span class=\"wpcf7-form-control-wrap\" data-name=\"last-name\"><input size=\"40\" maxlength=\"400\" class=\"wpcf7-form-control wpcf7-text wpcf7-validates-as-required\" aria-required=\"true\" aria-invalid=\"false\" value=\"\" type=\"text\" name=\"last-name\" \/><\/span> <\/label>\n\t\t<\/p>\n\t<\/div>\n\t<div class=\"contacthelft\">\n\t\t<p><label> Email<span class=\"goldstar\">*<\/span><br \/>\n<span class=\"wpcf7-form-control-wrap\" data-name=\"your-email\"><input size=\"40\" maxlength=\"400\" class=\"wpcf7-form-control wpcf7-email wpcf7-validates-as-required wpcf7-text wpcf7-validates-as-email\" aria-required=\"true\" aria-invalid=\"false\" value=\"\" type=\"email\" name=\"your-email\" \/><\/span> <\/label>\n\t\t<\/p>\n\t<\/div>\n\t<div class=\"contacthelft\">\n\t\t<p><label> Firmenname <span class=\"goldstar\">*<\/span><br \/>\n<span class=\"wpcf7-form-control-wrap\" data-name=\"company-name\"><input size=\"40\" maxlength=\"400\" class=\"wpcf7-form-control wpcf7-text wpcf7-validates-as-required\" aria-required=\"true\" aria-invalid=\"false\" value=\"\" type=\"text\" name=\"company-name\" \/><\/span> <\/label>\n\t\t<\/p>\n\t<\/div>\n\t<div class=\"contacthelft\">\n\t\t<p><label> Telefon <span class=\"goldstar\">*<\/span><br \/>\n<span class=\"wpcf7-form-control-wrap\" data-name=\"phone\"><input size=\"40\" maxlength=\"400\" class=\"wpcf7-form-control wpcf7-text wpcf7-validates-as-required\" aria-required=\"true\" aria-invalid=\"false\" value=\"\" type=\"text\" name=\"phone\" \/><\/span> <\/label>\n\t\t<\/p>\n\t<\/div>\n\t<div class=\"contacthelft\">\n\t\t<p><label> USt.-ID<span class=\"goldstar\">*<\/span><br \/>\n<span class=\"wpcf7-form-control-wrap\" data-name=\"vat-number\"><input size=\"40\" maxlength=\"400\" class=\"wpcf7-form-control wpcf7-text wpcf7-validates-as-required\" aria-required=\"true\" aria-invalid=\"false\" value=\"\" type=\"text\" name=\"vat-number\" \/><\/span> <\/label>\n\t\t<\/p>\n\t<\/div>\n\t<div class=\"contactheel\">\n\t\t<p><label> Web<br \/>\n<span class=\"wpcf7-form-control-wrap\" data-name=\"website\"><input size=\"40\" maxlength=\"400\" class=\"wpcf7-form-control wpcf7-text\" aria-invalid=\"false\" value=\"\" type=\"text\" name=\"website\" \/><\/span> <\/label>\n\t\t<\/p>\n\t<\/div>\n\t<div class=\"contactheel\">\n\t\t<p><label> Erz\u00e4hlen Sie uns ein wenig \u00fcber sich, damit wir Sie besser beraten und unterst\u00fctzen k\u00f6nnen<span class=\"goldstar\">*<\/span><br \/>\n<span class=\"wpcf7-form-control-wrap\" data-name=\"your-message\"><textarea cols=\"40\" rows=\"6\" maxlength=\"2000\" class=\"wpcf7-form-control wpcf7-textarea\" aria-invalid=\"false\" name=\"your-message\"><\/textarea><\/span> <\/label>\n\t\t<\/p>\n\t<\/div>\n\t<h4>Address\n\t<\/h4>\n\t<div class=\"contactheel\">\n\t\t<p><label> Addresse<span class=\"goldstar\">*<\/span><br \/>\n<span class=\"wpcf7-form-control-wrap\" data-name=\"address\"><input size=\"40\" maxlength=\"400\" class=\"wpcf7-form-control wpcf7-text wpcf7-validates-as-required\" aria-required=\"true\" aria-invalid=\"false\" value=\"\" type=\"text\" name=\"address\" \/><\/span> <\/label>\n\t\t<\/p>\n\t<\/div>\n\t<div class=\"contactheel\">\n\t\t<p><label> Addresse 2<br \/>\n<span class=\"wpcf7-form-control-wrap\" data-name=\"addresstwo\"><input size=\"40\" maxlength=\"400\" class=\"wpcf7-form-control wpcf7-text\" aria-invalid=\"false\" value=\"\" type=\"text\" name=\"addresstwo\" \/><\/span> <\/label>\n\t\t<\/p>\n\t<\/div>\n\t<div class=\"contacthelft\">\n\t\t<p><label> PLZ <span class=\"goldstar\">*<\/span><br \/>\n<span class=\"wpcf7-form-control-wrap\" data-name=\"zipcode\"><input size=\"40\" maxlength=\"400\" class=\"wpcf7-form-control wpcf7-text wpcf7-validates-as-required\" aria-required=\"true\" aria-invalid=\"false\" value=\"\" type=\"text\" name=\"zipcode\" \/><\/span> <\/label>\n\t\t<\/p>\n\t<\/div>\n\t<div class=\"contacthelft\">\n\t\t<p><label> Ort<span class=\"goldstar\">*<\/span><br \/>\n<span class=\"wpcf7-form-control-wrap\" data-name=\"city\"><input size=\"40\" maxlength=\"400\" class=\"wpcf7-form-control wpcf7-text wpcf7-validates-as-required\" aria-required=\"true\" aria-invalid=\"false\" value=\"\" type=\"text\" name=\"city\" \/><\/span> <\/label>\n\t\t<\/p>\n\t<\/div>\n\t<p><input class=\"wpcf7-form-control wpcf7-submit has-spinner vc_btn3\" type=\"submit\" value=\"Senden\" \/>\n\t<\/p>\n<\/div><p style=\"display: none !important;\" class=\"akismet-fields-container\" data-prefix=\"_wpcf7_ak_\"><label>&#916;<textarea name=\"_wpcf7_ak_hp_textarea\" cols=\"45\" rows=\"8\" maxlength=\"100\"><\/textarea><\/label><input type=\"hidden\" id=\"ak_js_1\" name=\"_wpcf7_ak_js\" value=\"118\"\/><script>document.getElementById( \"ak_js_1\" ).setAttribute( \"value\", ( new Date() ).getTime() );<\/script><\/p><div class=\"wpcf7-response-output\" aria-hidden=\"true\"><\/div>\n<\/form>\n<\/div>\n[\/vc_column][vc_column width=&#8220;1\/6&#8243; offset=&#8220;vc_col-lg-3&#8243;][\/vc_column][\/vc_row][\/vc_section][vc_section full_width=&#8220;stretch_row&#8220; disable_element=&#8220;yes&#8220; el_class=&#8220;blokkenstrook eenblok&#8220;][vc_row equal_height=&#8220;yes&#8220; content_placement=&#8220;middle&#8220; css=&#8220;.vc_custom_1705929954453{background-color: #f7f7f7 !important;}&#8220; el_class=&#8220;afbrechts blokrij&#8220;][vc_column width=&#8220;1\/2&#8243;][vc_column_text el_class=&#8220;titelensub&#8220;]<\/p>\n<h4 style=\"text-align: center;\">Why join?<\/h4>\n<h2 style=\"text-align: center;\">Easy ordening<\/h2>\n<p style=\"text-align: center;\">Lorem ipsum dolor sit amet, consectetur adipiscing elit. Proin ut erat vel urna mattis laoreet. ipsum dolor sit amet, consectetur adipiscing elit.<\/p>\n<p>[\/vc_column_text][vc_btn title=&#8220;Fill in the form&#8220; align=&#8220;center&#8220; link=&#8220;url:%23&#8243;][\/vc_column][vc_column width=&#8220;1\/2&#8243;][vc_single_image image=&#8220;157&#8243; img_size=&#8220;full&#8220;][\/vc_column][\/vc_row][\/vc_section][vc_section full_width=&#8220;stretch_row&#8220; el_class=&#8220;logostrook&#8220;][vc_row gap=&#8220;35&#8243; content_placement=&#8220;bottom&#8220;][vc_column width=&#8220;1\/5&#8243;][vc_single_image image=&#8220;65&#8243; img_size=&#8220;full&#8220; alignment=&#8220;center&#8220;][\/vc_column][vc_column width=&#8220;1\/5&#8243;][vc_single_image image=&#8220;61&#8243; img_size=&#8220;full&#8220; alignment=&#8220;center&#8220;][\/vc_column][vc_column width=&#8220;1\/5&#8243;][vc_single_image image=&#8220;64&#8243; img_size=&#8220;full&#8220; alignment=&#8220;center&#8220;][\/vc_column][vc_column width=&#8220;1\/5&#8243;][vc_single_image image=&#8220;63&#8243; img_size=&#8220;full&#8220; alignment=&#8220;center&#8220;][\/vc_column][vc_column width=&#8220;1\/5&#8243;][vc_single_image image=&#8220;62&#8243; img_size=&#8220;full&#8220; alignment=&#8220;center&#8220;][\/vc_column][\/vc_row][\/vc_section]<\/p>\n<\/div>","protected":false},"excerpt":{"rendered":"<p>[vc_section full_width=&#8220;stretch_row&#8220; content_placement=&#8220;middle&#8220; css=&#8220;.vc_custom_1706191733617{padding-top: 20px !important;padding-bottom: 10px !important;background-color: #f1f1f1 !important;}&#8220; el_class=&#8220;centertext&#8220;][vc_row gap=&#8220;35&#8243;][vc_column width=&#8220;1\/6&#8243; offset=&#8220;vc_col-lg-3&#8243;][\/vc_column][vc_column width=&#8220;2\/3&#8243; offset=&#8220;vc_col-lg-6&#8243;][vc_column_text css=&#8220;&#8220;] ActiVet in Ihrem Gesch\u00e4ft? Bei uns zu bestellen war noch nie so einfach! Bestellen Sie jederzeit und \u00fcberall unsere Produkte. F\u00fcllen Sie das untenstehende Formular aus. Wir werden uns bald bei Ihnen melden. [\/vc_column_text][\/vc_column][vc_column width=&#8220;1\/6&#8243; offset=&#8220;vc_col-lg-3&#8243;][\/vc_column][\/vc_row][\/vc_section][vc_section full_width=&#8220;stretch_row&#8220; el_class=&#8220;contform [&hellip;]<\/p>\n","protected":false},"author":1,"featured_media":0,"parent":0,"menu_order":0,"comment_status":"closed","ping_status":"closed","template":"","meta":{"inline_featured_image":false,"footnotes":""},"class_list":["post-337","page","type-page","status-publish","hentry"],"_links":{"self":[{"href":"https:\/\/www.activet.net\/de\/wp-json\/wp\/v2\/pages\/337","targetHints":{"allow":["GET"]}}],"collection":[{"href":"https:\/\/www.activet.net\/de\/wp-json\/wp\/v2\/pages"}],"about":[{"href":"https:\/\/www.activet.net\/de\/wp-json\/wp\/v2\/types\/page"}],"author":[{"embeddable":true,"href":"https:\/\/www.activet.net\/de\/wp-json\/wp\/v2\/users\/1"}],"replies":[{"embeddable":true,"href":"https:\/\/www.activet.net\/de\/wp-json\/wp\/v2\/comments?post=337"}],"version-history":[{"count":6,"href":"https:\/\/www.activet.net\/de\/wp-json\/wp\/v2\/pages\/337\/revisions"}],"predecessor-version":[{"id":678,"href":"https:\/\/www.activet.net\/de\/wp-json\/wp\/v2\/pages\/337\/revisions\/678"}],"wp:attachment":[{"href":"https:\/\/www.activet.net\/de\/wp-json\/wp\/v2\/media?parent=337"}],"curies":[{"name":"wp","href":"https:\/\/api.w.org\/{rel}","templated":true}]}}