{"id":405,"date":"2024-02-28T15:43:52","date_gmt":"2024-02-28T14:43:52","guid":{"rendered":"https:\/\/activet.happydevelopment.nl\/best-dog-brush\/"},"modified":"2024-07-24T14:40:26","modified_gmt":"2024-07-24T12:40:26","slug":"die-beste-hundebuerste","status":"publish","type":"page","link":"https:\/\/www.activet.net\/de\/die-beste-hundebuerste\/","title":{"rendered":"DIE BESTE HUNDEB\u00dcRSTE"},"content":{"rendered":"<div class=\"wpb-content-wrapper\"><p>[vc_section full_width=&#8220;stretch_row&#8220; content_placement=&#8220;middle&#8220; css=&#8220;.vc_custom_1711459291003{background-color: #f1f1f1 !important;background-position: center !important;background-repeat: no-repeat !important;background-size: cover !important;}&#8220;][vc_row gap=&#8220;35&#8243; content_placement=&#8220;middle&#8220;][vc_column width=&#8220;1\/6&#8243; el_id=&#8220;centertext&#8220;][\/vc_column][vc_column width=&#8220;2\/3&#8243; el_class=&#8220;centertext&#8220;][vc_column_text css=&#8220;&#8220;]<\/p>\n<h1 style=\"text-align: center;\">DIE BESTE TIERB\u00dcRSTE DER WELT IST NOCH BESSER UND BESSER ALS JE ZUVOR!<\/h1>\n<p>[\/vc_column_text][vc_column_text css=&#8220;&#8220;]<\/p>\n<p style=\"text-align: center;\"><span style=\"font-weight: 400;\">Gute Nachrichten! Das Markendesign von ActiVet, der f\u00fchrenden Marke f\u00fcr Tierb\u00fcrsten, wurde weiter verbessert. Passend zu unseren B\u00fcrsten, in konstanter un\u00fcbertroffener Qualit\u00e4t, haben wir unser Markendesign entsprechend optimiert.<\/span><\/p>\n<p>[\/vc_column_text][\/vc_column][vc_column width=&#8220;1\/6&#8243;][\/vc_column][\/vc_row][\/vc_section][vc_row css=&#8220;.vc_custom_1711458485841{padding-bottom: 80px !important;}&#8220;][vc_column width=&#8220;1\/6&#8243;][\/vc_column][vc_column width=&#8220;2\/3&#8243; el_class=&#8220;centertext&#8220;][vc_empty_space][vc_single_image image=&#8220;297&#8243; img_size=&#8220;large&#8220; alignment=&#8220;center&#8220; style=&#8220;vc_box_rounded&#8220;][vc_column_text css=&#8220;&#8220;]Mit Stolz pr\u00e4sentieren wir unsere einzigartigen ActiVet B\u00fcrsten im neuen Look, der den vertrauten deutschen Handwerksgeist perfekt zum Ausdruck bringt. Die Hingabe und Liebe, mit der unsere Produkte hergestellt werden, soll so noch besser sichtbar werden. Ob es darum geht, dichtes Fell zu entwirren, Filz und Knoten zu l\u00f6sen oder nur die Haut zu massieren, ActiVet steht f\u00fcr Exzellenz in der Tierpflege.<\/p>\n<p>Also hei\u00dfen Sie unseren neuen Look willkommen und genie\u00dfen Sie die vertrauten<br \/>\nLeistungen von ActiVet. Holen Sie sich noch heute Ihre Lieblingsb\u00fcrste und erleben Sie, warum wir stolz sagen k\u00f6nnen: Die beste Tierb\u00fcrste der Welt ist besser und besser als je zuvor.[\/vc_column_text][vc_btn title=&#8220;Kontaktieren Sie uns&#8220; css=&#8220;&#8220; link=&#8220;url:https%3A%2F%2Fwww.activet.net%2Fde%2Fkontakt%2F|title:Kontakt&#8220;][\/vc_column][vc_column width=&#8220;1\/6&#8243;][\/vc_column][\/vc_row]<\/p>\n<\/div>","protected":false},"excerpt":{"rendered":"<p>[vc_section full_width=&#8220;stretch_row&#8220; content_placement=&#8220;middle&#8220; css=&#8220;.vc_custom_1711459291003{background-color: #f1f1f1 !important;background-position: center !important;background-repeat: no-repeat !important;background-size: cover !important;}&#8220;][vc_row gap=&#8220;35&#8243; content_placement=&#8220;middle&#8220;][vc_column width=&#8220;1\/6&#8243; el_id=&#8220;centertext&#8220;][\/vc_column][vc_column width=&#8220;2\/3&#8243; el_class=&#8220;centertext&#8220;][vc_column_text css=&#8220;&#8220;] DIE BESTE TIERB\u00dcRSTE DER WELT IST NOCH BESSER UND BESSER ALS JE ZUVOR! [\/vc_column_text][vc_column_text css=&#8220;&#8220;] Gute Nachrichten! Das Markendesign von ActiVet, der f\u00fchrenden Marke f\u00fcr Tierb\u00fcrsten, wurde weiter verbessert. Passend zu unseren B\u00fcrsten, in konstanter un\u00fcbertroffener [&hellip;]<\/p>\n","protected":false},"author":2,"featured_media":0,"parent":0,"menu_order":0,"comment_status":"closed","ping_status":"closed","template":"","meta":{"inline_featured_image":false,"footnotes":""},"class_list":["post-405","page","type-page","status-publish","hentry"],"_links":{"self":[{"href":"https:\/\/www.activet.net\/de\/wp-json\/wp\/v2\/pages\/405","targetHints":{"allow":["GET"]}}],"collection":[{"href":"https:\/\/www.activet.net\/de\/wp-json\/wp\/v2\/pages"}],"about":[{"href":"https:\/\/www.activet.net\/de\/wp-json\/wp\/v2\/types\/page"}],"author":[{"embeddable":true,"href":"https:\/\/www.activet.net\/de\/wp-json\/wp\/v2\/users\/2"}],"replies":[{"embeddable":true,"href":"https:\/\/www.activet.net\/de\/wp-json\/wp\/v2\/comments?post=405"}],"version-history":[{"count":9,"href":"https:\/\/www.activet.net\/de\/wp-json\/wp\/v2\/pages\/405\/revisions"}],"predecessor-version":[{"id":841,"href":"https:\/\/www.activet.net\/de\/wp-json\/wp\/v2\/pages\/405\/revisions\/841"}],"wp:attachment":[{"href":"https:\/\/www.activet.net\/de\/wp-json\/wp\/v2\/media?parent=405"}],"curies":[{"name":"wp","href":"https:\/\/api.w.org\/{rel}","templated":true}]}}