{"id":495,"date":"2024-03-26T14:31:59","date_gmt":"2024-03-26T13:31:59","guid":{"rendered":"https:\/\/activet.happydevelopment.nl\/?page_id=495"},"modified":"2024-07-02T13:39:22","modified_gmt":"2024-07-02T11:39:22","slug":"ergonomisches-design","status":"publish","type":"page","link":"https:\/\/www.activet.net\/de\/ergonomisches-design\/","title":{"rendered":"ERGONOMISCHES DESIGN"},"content":{"rendered":"<div class=\"wpb-content-wrapper\"><p>[vc_section full_width=&#8220;stretch_row&#8220; content_placement=&#8220;middle&#8220; css=&#8220;.vc_custom_1711459291003{background-color: #f1f1f1 !important;background-position: center !important;background-repeat: no-repeat !important;background-size: cover !important;}&#8220;][vc_row gap=&#8220;35&#8243; content_placement=&#8220;middle&#8220;][vc_column width=&#8220;1\/6&#8243; el_id=&#8220;centertext&#8220;][\/vc_column][vc_column width=&#8220;2\/3&#8243; el_class=&#8220;centertext&#8220;][vc_column_text]<\/p>\n<h1 style=\"text-align: center;\"><span style=\"font-weight: 400;\">ERGONOMISCHES DESIGN <\/span><\/h1>\n<p>[\/vc_column_text][\/vc_column][vc_column width=&#8220;1\/6&#8243;][\/vc_column][\/vc_row][\/vc_section][vc_row css=&#8220;.vc_custom_1711458485841{padding-bottom: 80px !important;}&#8220;][vc_column width=&#8220;1\/6&#8243;][\/vc_column][vc_column width=&#8220;2\/3&#8243; el_class=&#8220;centertext&#8220;][vc_empty_space][vc_single_image image=&#8220;453&#8243; img_size=&#8220;large&#8220; alignment=&#8220;center&#8220; style=&#8220;vc_box_rounded&#8220;][vc_column_text css=&#8220;&#8220;]<\/p>\n<p class=\"p1\">Bei ActiVet verpflichten wir uns, Profis und Tierliebhaber mit unserem verantwortungsvollen Ansatz zu unterst\u00fctzen. Wir verstehen, dass Ihre Gesundheit und Ihr Wohlbefinden von gro\u00dfer Bedeutung sind, ebenso wie die der Tiere, die Sie betreuen und pflegen. Aus diesem Grund haben wir unsere B\u00fcrsten ergonomisch gestaltet, um die Belastung f\u00fcr Ihren Arm und Ihr Handgelenk zu verringern und das Auftreten oder die Linderung des Repetitive-Motion-Syndroms (R.M.S.) zu verhindern.<\/p>\n<p class=\"p1\">Unsere Produkte sind speziell auf Ihre Bed\u00fcrfnisse zugeschnitten. Wir verstehen die t\u00e4glichen Herausforderungen, mit denen Sie konfrontiert sind, und bem\u00fchen uns, Ihnen Werkzeuge zur Verf\u00fcgung zu stellen, die nicht nur effizient sind, sondern auch Komfort und Gesundheit bei der Pflege gew\u00e4hrleisten.<\/p>\n<p>[\/vc_column_text][vc_btn title=&#8220;Kontaktieren Sie uns&#8220; css=&#8220;&#8220; link=&#8220;url:https%3A%2F%2Fwww.activet.net%2Fde%2Fkontakt%2F|title:Kontakt&#8220;][\/vc_column][vc_column width=&#8220;1\/6&#8243;][\/vc_column][\/vc_row]<\/p>\n<\/div>","protected":false},"excerpt":{"rendered":"<p>[vc_section full_width=&#8220;stretch_row&#8220; content_placement=&#8220;middle&#8220; css=&#8220;.vc_custom_1711459291003{background-color: #f1f1f1 !important;background-position: center !important;background-repeat: no-repeat !important;background-size: cover !important;}&#8220;][vc_row gap=&#8220;35&#8243; content_placement=&#8220;middle&#8220;][vc_column width=&#8220;1\/6&#8243; el_id=&#8220;centertext&#8220;][\/vc_column][vc_column width=&#8220;2\/3&#8243; el_class=&#8220;centertext&#8220;][vc_column_text] ERGONOMISCHES DESIGN [\/vc_column_text][\/vc_column][vc_column width=&#8220;1\/6&#8243;][\/vc_column][\/vc_row][\/vc_section][vc_row css=&#8220;.vc_custom_1711458485841{padding-bottom: 80px !important;}&#8220;][vc_column width=&#8220;1\/6&#8243;][\/vc_column][vc_column width=&#8220;2\/3&#8243; el_class=&#8220;centertext&#8220;][vc_empty_space][vc_single_image image=&#8220;453&#8243; img_size=&#8220;large&#8220; alignment=&#8220;center&#8220; style=&#8220;vc_box_rounded&#8220;][vc_column_text css=&#8220;&#8220;] Bei ActiVet verpflichten wir uns, Profis und Tierliebhaber mit unserem verantwortungsvollen Ansatz zu unterst\u00fctzen. Wir verstehen, dass Ihre Gesundheit und Ihr Wohlbefinden [&hellip;]<\/p>\n","protected":false},"author":2,"featured_media":0,"parent":0,"menu_order":0,"comment_status":"closed","ping_status":"closed","template":"","meta":{"inline_featured_image":false,"footnotes":""},"class_list":["post-495","page","type-page","status-publish","hentry"],"_links":{"self":[{"href":"https:\/\/www.activet.net\/de\/wp-json\/wp\/v2\/pages\/495","targetHints":{"allow":["GET"]}}],"collection":[{"href":"https:\/\/www.activet.net\/de\/wp-json\/wp\/v2\/pages"}],"about":[{"href":"https:\/\/www.activet.net\/de\/wp-json\/wp\/v2\/types\/page"}],"author":[{"embeddable":true,"href":"https:\/\/www.activet.net\/de\/wp-json\/wp\/v2\/users\/2"}],"replies":[{"embeddable":true,"href":"https:\/\/www.activet.net\/de\/wp-json\/wp\/v2\/comments?post=495"}],"version-history":[{"count":8,"href":"https:\/\/www.activet.net\/de\/wp-json\/wp\/v2\/pages\/495\/revisions"}],"predecessor-version":[{"id":692,"href":"https:\/\/www.activet.net\/de\/wp-json\/wp\/v2\/pages\/495\/revisions\/692"}],"wp:attachment":[{"href":"https:\/\/www.activet.net\/de\/wp-json\/wp\/v2\/media?parent=495"}],"curies":[{"name":"wp","href":"https:\/\/api.w.org\/{rel}","templated":true}]}}